{"id":9519,"date":"2026-01-05T19:28:27","date_gmt":"2026-01-05T17:28:27","guid":{"rendered":"https:\/\/asogross-enzersdorf.ac.at\/?page_id=9519"},"modified":"2026-04-16T17:20:06","modified_gmt":"2026-04-16T15:20:06","slug":"wk-6","status":"publish","type":"page","link":"https:\/\/asogross-enzersdorf.ac.at\/?page_id=9519","title":{"rendered":"WK 6"},"content":{"rendered":"<p style=\"text-align: center;\"><span style=\"font-family: georgia, palatino, serif; color: #cc99ff; font-size: 18pt;\"><strong>Wahrnehmungsklasse 6<\/strong><\/span><\/p>\n<p><span style=\"font-family: georgia, palatino, serif; font-size: 18pt;\"><span style=\"color: #33cccc;\"><span style=\"color: #cc99ff;\">Lehrerinnen:<\/span>&nbsp;<\/span><\/span><\/p>\n<p><span style=\"font-family: georgia, palatino, serif; font-size: 18pt;\"><span style=\"color: #33cccc;\"><span style=\"color: #000000;\">Loidl Antonia BEd.<\/span><\/span><\/span><\/p>\n<p><span style=\"font-family: georgia, palatino, serif; font-size: 18pt;\"><span style=\"color: #000000;\">Tressler Denise BEd. MEd.<\/span><\/span><\/p>\n<p>&nbsp;<\/p>\n<p><span style=\"font-family: georgia, palatino, serif; font-size: 18pt; color: #000000;\"><span style=\"color: #cc99ff;\">St\u00fctzkraft:<\/span>&nbsp;<\/span><\/p>\n<p><span style=\"font-family: georgia, palatino, serif; font-size: 18pt; color: #000000;\">Cervadiku Bahrije<\/span><\/p>\n<p>&nbsp;<\/p>\n<p><span style=\"font-family: georgia, palatino, serif; font-size: 18pt; color: #000000;\">Die Klasse besteht derzeit aus 6 Kindern im Alter zwischen 6 und 7 Jahren. Unterrichtet wird nach den Lehrpl\u00e4nen der allgemeinen Sonderschule und dem erh\u00f6hten F\u00f6rderbedarf.<\/span><\/p>\n","protected":false},"excerpt":{"rendered":"<p>Wahrnehmungsklasse 6 Lehrerinnen:&nbsp; Loidl Antonia BEd. Tressler Denise BEd. MEd. &nbsp; St\u00fctzkraft:&nbsp; Cervadiku Bahrije &nbsp; Die Klasse besteht derzeit aus 6 Kindern im Alter zwischen 6 und 7 Jahren. Unterrichtet &#8230;<\/p>\n","protected":false},"author":16,"featured_media":0,"parent":8789,"menu_order":6,"comment_status":"closed","ping_status":"closed","template":"","meta":{"ngg_post_thumbnail":0,"footnotes":""},"class_list":["post-9519","page","type-page","status-publish","hentry"],"_links":{"self":[{"href":"https:\/\/asogross-enzersdorf.ac.at\/index.php?rest_route=\/wp\/v2\/pages\/9519","targetHints":{"allow":["GET"]}}],"collection":[{"href":"https:\/\/asogross-enzersdorf.ac.at\/index.php?rest_route=\/wp\/v2\/pages"}],"about":[{"href":"https:\/\/asogross-enzersdorf.ac.at\/index.php?rest_route=\/wp\/v2\/types\/page"}],"author":[{"embeddable":true,"href":"https:\/\/asogross-enzersdorf.ac.at\/index.php?rest_route=\/wp\/v2\/users\/16"}],"replies":[{"embeddable":true,"href":"https:\/\/asogross-enzersdorf.ac.at\/index.php?rest_route=%2Fwp%2Fv2%2Fcomments&post=9519"}],"version-history":[{"count":5,"href":"https:\/\/asogross-enzersdorf.ac.at\/index.php?rest_route=\/wp\/v2\/pages\/9519\/revisions"}],"predecessor-version":[{"id":9743,"href":"https:\/\/asogross-enzersdorf.ac.at\/index.php?rest_route=\/wp\/v2\/pages\/9519\/revisions\/9743"}],"up":[{"embeddable":true,"href":"https:\/\/asogross-enzersdorf.ac.at\/index.php?rest_route=\/wp\/v2\/pages\/8789"}],"wp:attachment":[{"href":"https:\/\/asogross-enzersdorf.ac.at\/index.php?rest_route=%2Fwp%2Fv2%2Fmedia&parent=9519"}],"curies":[{"name":"wp","href":"https:\/\/api.w.org\/{rel}","templated":true}]}}