{"id":8553,"date":"2017-07-03T10:41:04","date_gmt":"2017-07-03T08:41:04","guid":{"rendered":"https:\/\/asogross-enzersdorf.ac.at\/?page_id=8553"},"modified":"2026-04-16T17:26:17","modified_gmt":"2026-04-16T15:26:17","slug":"4-klassen","status":"publish","type":"page","link":"https:\/\/asogross-enzersdorf.ac.at\/?page_id=8553","title":{"rendered":"WK 4"},"content":{"rendered":"<p style=\"text-align: center;\"><span style=\"font-family: georgia, palatino, serif; color: #00ff00; font-size: 18pt;\"><strong>Wahrnehmungsklasse 4<\/strong><\/span><\/p>\n<p><span style=\"font-family: georgia, palatino, serif; font-size: 18pt; color: #00ff00;\">Lehrerinnen: <\/span><\/p>\n<p><span style=\"font-family: georgia, palatino, serif; font-size: 18pt;\">Dipl.-P\u00e4d. Sattler Martina<\/span><\/p>\n<p><span style=\"font-family: georgia, palatino, serif; font-size: 18pt;\">Krottendorfer- Kemetm\u00fcller Johanna BEd.<\/span><\/p>\n<p><span style=\"font-size: 18pt; font-family: georgia, palatino, serif;\">Lentsch Desiree BEd.<\/span><\/p>\n<p><span style=\"font-family: georgia, palatino, serif; font-size: 18pt;\"><span style=\"color: #00ff00;\">St\u00fctzkraft:<\/span> <\/span><\/p>\n<p><span style=\"font-family: georgia, palatino, serif; font-size: 18pt;\">Steiner Maria<\/span><\/p>\n<p><span style=\"font-family: georgia, palatino, serif; font-size: 18pt;\">Die Klasse besteht derzeit aus 6 Kindern im Alter zwischen 7 und 15 Jahren. Unterrichtet wird nach dem Lehrplan des erh\u00f6hten F\u00f6rderbedarfs.<\/span><\/p>\n","protected":false},"excerpt":{"rendered":"<p>Wahrnehmungsklasse 4 Lehrerinnen: Dipl.-P\u00e4d. Sattler Martina Krottendorfer- Kemetm\u00fcller Johanna BEd. Lentsch Desiree BEd. St\u00fctzkraft: Steiner Maria Die Klasse besteht derzeit aus 6 Kindern im Alter zwischen 7 und 15 Jahren. &#8230;<\/p>\n","protected":false},"author":6,"featured_media":0,"parent":8789,"menu_order":4,"comment_status":"closed","ping_status":"closed","template":"","meta":{"ngg_post_thumbnail":0,"footnotes":""},"class_list":["post-8553","page","type-page","status-publish","hentry"],"_links":{"self":[{"href":"https:\/\/asogross-enzersdorf.ac.at\/index.php?rest_route=\/wp\/v2\/pages\/8553","targetHints":{"allow":["GET"]}}],"collection":[{"href":"https:\/\/asogross-enzersdorf.ac.at\/index.php?rest_route=\/wp\/v2\/pages"}],"about":[{"href":"https:\/\/asogross-enzersdorf.ac.at\/index.php?rest_route=\/wp\/v2\/types\/page"}],"author":[{"embeddable":true,"href":"https:\/\/asogross-enzersdorf.ac.at\/index.php?rest_route=\/wp\/v2\/users\/6"}],"replies":[{"embeddable":true,"href":"https:\/\/asogross-enzersdorf.ac.at\/index.php?rest_route=%2Fwp%2Fv2%2Fcomments&post=8553"}],"version-history":[{"count":15,"href":"https:\/\/asogross-enzersdorf.ac.at\/index.php?rest_route=\/wp\/v2\/pages\/8553\/revisions"}],"predecessor-version":[{"id":9748,"href":"https:\/\/asogross-enzersdorf.ac.at\/index.php?rest_route=\/wp\/v2\/pages\/8553\/revisions\/9748"}],"up":[{"embeddable":true,"href":"https:\/\/asogross-enzersdorf.ac.at\/index.php?rest_route=\/wp\/v2\/pages\/8789"}],"wp:attachment":[{"href":"https:\/\/asogross-enzersdorf.ac.at\/index.php?rest_route=%2Fwp%2Fv2%2Fmedia&parent=8553"}],"curies":[{"name":"wp","href":"https:\/\/api.w.org\/{rel}","templated":true}]}}