{"id":8544,"date":"2017-07-03T10:38:30","date_gmt":"2017-07-03T08:38:30","guid":{"rendered":"https:\/\/asogross-enzersdorf.ac.at\/?page_id=8544"},"modified":"2026-04-16T17:18:02","modified_gmt":"2026-04-16T15:18:02","slug":"3-klassen","status":"publish","type":"page","link":"https:\/\/asogross-enzersdorf.ac.at\/?page_id=8544","title":{"rendered":"WK 3"},"content":{"rendered":"<p style=\"text-align: center;\"><span style=\"color: #ffff00; font-family: georgia, palatino, serif; font-size: 18pt;\"><strong>Wahrnehmungsklasse 3<\/strong><\/span><\/p>\n<p><span style=\"font-family: georgia, palatino, serif; font-size: 18pt; color: #ffff00;\">Lehrerin: <\/span><\/p>\n<p><span style=\"font-family: georgia, palatino, serif; font-size: 18pt;\">Dipl.-P\u00e4d. Tillinger Birgit BEd.<\/span><\/p>\n<p><span style=\"font-family: georgia, palatino, serif; font-size: 18pt;\">&nbsp; &nbsp; &nbsp; &nbsp; &nbsp; &nbsp; &nbsp; &nbsp; &nbsp; &nbsp; &nbsp;<\/span><\/p>\n<p><span style=\"font-family: georgia, palatino, serif; font-size: 18pt; color: #ffff00;\">St\u00fctzkraft: <\/span><\/p>\n<p><span style=\"font-family: georgia, palatino, serif; font-size: 18pt;\">Radkovsk\u00e1 Michaela<\/span><\/p>\n<p>&nbsp;<\/p>\n<p><span style=\"font-family: georgia, palatino, serif; font-size: 18pt;\">Die Klasse besteht derzeit aus 6 Kindern im Alter zwischen 9 und 15 Jahren. Unterrichtet wird nach den Lehrpl\u00e4nen der Volksschule, Mittelschule, allgemeinen Sonderschule und dem erh\u00f6hten F\u00f6rderbedarf.<\/span><\/p>\n","protected":false},"excerpt":{"rendered":"<p>Wahrnehmungsklasse 3 Lehrerin: Dipl.-P\u00e4d. Tillinger Birgit BEd. &nbsp; &nbsp; &nbsp; &nbsp; &nbsp; &nbsp; &nbsp; &nbsp; &nbsp; &nbsp; &nbsp; St\u00fctzkraft: Radkovsk\u00e1 Michaela &nbsp; Die Klasse besteht derzeit aus 6 Kindern im &#8230;<\/p>\n","protected":false},"author":6,"featured_media":0,"parent":8789,"menu_order":3,"comment_status":"closed","ping_status":"closed","template":"","meta":{"ngg_post_thumbnail":0,"footnotes":""},"class_list":["post-8544","page","type-page","status-publish","hentry"],"_links":{"self":[{"href":"https:\/\/asogross-enzersdorf.ac.at\/index.php?rest_route=\/wp\/v2\/pages\/8544","targetHints":{"allow":["GET"]}}],"collection":[{"href":"https:\/\/asogross-enzersdorf.ac.at\/index.php?rest_route=\/wp\/v2\/pages"}],"about":[{"href":"https:\/\/asogross-enzersdorf.ac.at\/index.php?rest_route=\/wp\/v2\/types\/page"}],"author":[{"embeddable":true,"href":"https:\/\/asogross-enzersdorf.ac.at\/index.php?rest_route=\/wp\/v2\/users\/6"}],"replies":[{"embeddable":true,"href":"https:\/\/asogross-enzersdorf.ac.at\/index.php?rest_route=%2Fwp%2Fv2%2Fcomments&post=8544"}],"version-history":[{"count":18,"href":"https:\/\/asogross-enzersdorf.ac.at\/index.php?rest_route=\/wp\/v2\/pages\/8544\/revisions"}],"predecessor-version":[{"id":9740,"href":"https:\/\/asogross-enzersdorf.ac.at\/index.php?rest_route=\/wp\/v2\/pages\/8544\/revisions\/9740"}],"up":[{"embeddable":true,"href":"https:\/\/asogross-enzersdorf.ac.at\/index.php?rest_route=\/wp\/v2\/pages\/8789"}],"wp:attachment":[{"href":"https:\/\/asogross-enzersdorf.ac.at\/index.php?rest_route=%2Fwp%2Fv2%2Fmedia&parent=8544"}],"curies":[{"name":"wp","href":"https:\/\/api.w.org\/{rel}","templated":true}]}}