{"id":8532,"date":"2017-07-03T10:35:47","date_gmt":"2017-07-03T08:35:47","guid":{"rendered":"https:\/\/asogross-enzersdorf.ac.at\/?page_id=8532"},"modified":"2026-04-16T17:17:09","modified_gmt":"2026-04-16T15:17:09","slug":"2-klassen","status":"publish","type":"page","link":"https:\/\/asogross-enzersdorf.ac.at\/?page_id=8532","title":{"rendered":"WK 2"},"content":{"rendered":"<p style=\"text-align: center;\"><span style=\"font-family: georgia, palatino, serif; font-size: 18pt; color: #ffcc00;\"><strong>Wahrnehmungsklasse 2<\/strong><\/span><\/p>\n<p><span style=\"font-family: georgia, palatino, serif; font-size: 18pt; color: #ffcc00;\">Lehrerinnen: <\/span><\/p>\n<p><span style=\"font-family: georgia, palatino, serif; font-size: 18pt;\">Dipl.-P\u00e4d. Schmid Julia MA<\/span><\/p>\n<p><span style=\"font-family: georgia, palatino, serif; font-size: 18pt;\">Koller Eveline BEd.<\/span><\/p>\n<p><span style=\"font-family: georgia, palatino, serif; font-size: 18pt;\"><span style=\"color: #ffcc00;\">St\u00fctzkraft:<\/span> &#8211;<\/span><\/p>\n<p>&nbsp;<\/p>\n<p><span style=\"font-family: georgia, palatino, serif; font-size: 18pt;\">Die Klasse besteht derzeit aus 6 Kindern im Alter zwischen 10 und 15 Jahren. Unterrichtet wird nach den Lehrpl\u00e4nen der Volksschule, allgemeinen Sonderschule und dem erh\u00f6hten F\u00f6rderbedarf.<\/span><\/p>\n<p style=\"text-align: right;\">&nbsp;<\/p>\n<p>&nbsp;<\/p>\n","protected":false},"excerpt":{"rendered":"<p>Wahrnehmungsklasse 2 Lehrerinnen: Dipl.-P\u00e4d. Schmid Julia MA Koller Eveline BEd. St\u00fctzkraft: &#8211; &nbsp; Die Klasse besteht derzeit aus 6 Kindern im Alter zwischen 10 und 15 Jahren. Unterrichtet wird nach &#8230;<\/p>\n","protected":false},"author":6,"featured_media":0,"parent":8789,"menu_order":2,"comment_status":"closed","ping_status":"closed","template":"","meta":{"ngg_post_thumbnail":0,"footnotes":""},"class_list":["post-8532","page","type-page","status-publish","hentry"],"_links":{"self":[{"href":"https:\/\/asogross-enzersdorf.ac.at\/index.php?rest_route=\/wp\/v2\/pages\/8532","targetHints":{"allow":["GET"]}}],"collection":[{"href":"https:\/\/asogross-enzersdorf.ac.at\/index.php?rest_route=\/wp\/v2\/pages"}],"about":[{"href":"https:\/\/asogross-enzersdorf.ac.at\/index.php?rest_route=\/wp\/v2\/types\/page"}],"author":[{"embeddable":true,"href":"https:\/\/asogross-enzersdorf.ac.at\/index.php?rest_route=\/wp\/v2\/users\/6"}],"replies":[{"embeddable":true,"href":"https:\/\/asogross-enzersdorf.ac.at\/index.php?rest_route=%2Fwp%2Fv2%2Fcomments&post=8532"}],"version-history":[{"count":18,"href":"https:\/\/asogross-enzersdorf.ac.at\/index.php?rest_route=\/wp\/v2\/pages\/8532\/revisions"}],"predecessor-version":[{"id":9738,"href":"https:\/\/asogross-enzersdorf.ac.at\/index.php?rest_route=\/wp\/v2\/pages\/8532\/revisions\/9738"}],"up":[{"embeddable":true,"href":"https:\/\/asogross-enzersdorf.ac.at\/index.php?rest_route=\/wp\/v2\/pages\/8789"}],"wp:attachment":[{"href":"https:\/\/asogross-enzersdorf.ac.at\/index.php?rest_route=%2Fwp%2Fv2%2Fmedia&parent=8532"}],"curies":[{"name":"wp","href":"https:\/\/api.w.org\/{rel}","templated":true}]}}