{"id":12,"date":"2012-09-17T13:35:56","date_gmt":"2012-09-17T11:35:56","guid":{"rendered":"http:\/\/www.vsklosterneuburg-albrecht.ac.at\/kontakt\/"},"modified":"2026-04-16T17:07:59","modified_gmt":"2026-04-16T15:07:59","slug":"kontakt","status":"publish","type":"page","link":"https:\/\/asogross-enzersdorf.ac.at\/?page_id=12","title":{"rendered":"Kontakt"},"content":{"rendered":"<p><img loading=\"lazy\" decoding=\"async\" class=\"wp-image-9700 aligncenter\" src=\"https:\/\/asogross-enzersdorf.ac.at\/wp-content\/uploads\/2026\/04\/Schule2-scaled.jpg\" alt=\"\" width=\"188\" height=\"250\" srcset=\"https:\/\/asogross-enzersdorf.ac.at\/wp-content\/uploads\/2026\/04\/Schule2-scaled.jpg 1920w, https:\/\/asogross-enzersdorf.ac.at\/wp-content\/uploads\/2026\/04\/Schule2-225x300.jpg 225w, https:\/\/asogross-enzersdorf.ac.at\/wp-content\/uploads\/2026\/04\/Schule2-768x1024.jpg 768w, https:\/\/asogross-enzersdorf.ac.at\/wp-content\/uploads\/2026\/04\/Schule2-1152x1536.jpg 1152w, https:\/\/asogross-enzersdorf.ac.at\/wp-content\/uploads\/2026\/04\/Schule2-1536x2048.jpg 1536w\" sizes=\"auto, (max-width: 188px) 100vw, 188px\" \/><\/p>\n<table class=\"verticaltable\" style=\"width: 100%; height: 134px;\">\n<tbody>\n<tr class=\"odd\" style=\"height: 73px;\">\n<th style=\"height: 73px; text-align: center;\" scope=\"row\" data-label=\"Spalte 1\">Adresse<\/th>\n<td style=\"height: 73px;\" data-label=\"Spalte 2\">\n<p style=\"text-align: center;\"><span style=\"font-size: 12pt;\">Allgemeine Sonderschule Gro\u00df Enzerdorf<\/span><\/p>\n<p style=\"text-align: center;\"><span style=\"font-size: 12pt;\">Schie\u00dfstattring 2<\/span><\/p>\n<p style=\"text-align: center;\"><span style=\"font-family: inherit; font-size: 12pt;\">2301 Gro\u00df-Enzersdorf<\/span><\/p>\n<\/td>\n<\/tr>\n<tr class=\"even\" style=\"height: 22px;\">\n<th style=\"height: 22px; text-align: center;\" scope=\"row\" data-label=\"Spalte 1\">Telefon 1<\/th>\n<td style=\"text-align: center; height: 22px;\" data-label=\"Spalte 2\"><span style=\"font-size: 12pt;\">+43 2249 2349<\/span><\/td>\n<\/tr>\n<tr class=\"odd\" style=\"height: 20px;\">\n<th style=\"height: 20px; text-align: center;\" scope=\"row\" data-label=\"Spalte 1\">Telefon 2<\/th>\n<td style=\"height: 20px; text-align: center;\" data-label=\"Spalte 2\"><span style=\"font-size: 12pt;\">+43 664 88948552<\/span><\/td>\n<\/tr>\n<tr class=\"odd\" style=\"height: 19px;\">\n<th style=\"height: 19px; text-align: center;\" scope=\"row\" data-label=\"Spalte 1\">E-Mail-Adresse<\/th>\n<td style=\"text-align: center; height: 19px;\" data-label=\"Spalte 2\"><a href=\"mailto:aso.gross-enzersdorf@noeschule.at\">aso.gross-enzersdorf@noeschule.at<\/a><\/td>\n<\/tr>\n<\/tbody>\n<\/table>\n","protected":false},"excerpt":{"rendered":"<p>Adresse Allgemeine Sonderschule Gro\u00df Enzerdorf Schie\u00dfstattring 2 2301 Gro\u00df-Enzersdorf Telefon 1 +43 2249 2349 Telefon 2 +43 664 88948552 E-Mail-Adresse aso.gross-enzersdorf@noeschule.at<\/p>\n","protected":false},"author":6,"featured_media":0,"parent":0,"menu_order":60,"comment_status":"closed","ping_status":"closed","template":"","meta":{"ngg_post_thumbnail":0,"footnotes":""},"class_list":["post-12","page","type-page","status-publish","hentry"],"_links":{"self":[{"href":"https:\/\/asogross-enzersdorf.ac.at\/index.php?rest_route=\/wp\/v2\/pages\/12","targetHints":{"allow":["GET"]}}],"collection":[{"href":"https:\/\/asogross-enzersdorf.ac.at\/index.php?rest_route=\/wp\/v2\/pages"}],"about":[{"href":"https:\/\/asogross-enzersdorf.ac.at\/index.php?rest_route=\/wp\/v2\/types\/page"}],"author":[{"embeddable":true,"href":"https:\/\/asogross-enzersdorf.ac.at\/index.php?rest_route=\/wp\/v2\/users\/6"}],"replies":[{"embeddable":true,"href":"https:\/\/asogross-enzersdorf.ac.at\/index.php?rest_route=%2Fwp%2Fv2%2Fcomments&post=12"}],"version-history":[{"count":14,"href":"https:\/\/asogross-enzersdorf.ac.at\/index.php?rest_route=\/wp\/v2\/pages\/12\/revisions"}],"predecessor-version":[{"id":9729,"href":"https:\/\/asogross-enzersdorf.ac.at\/index.php?rest_route=\/wp\/v2\/pages\/12\/revisions\/9729"}],"wp:attachment":[{"href":"https:\/\/asogross-enzersdorf.ac.at\/index.php?rest_route=%2Fwp%2Fv2%2Fmedia&parent=12"}],"curies":[{"name":"wp","href":"https:\/\/api.w.org\/{rel}","templated":true}]}}